{"id":9,"date":"2022-11-17T11:27:28","date_gmt":"2022-11-17T11:27:28","guid":{"rendered":"http:\/\/fynssymfoni.dk\/?page_id=9"},"modified":"2026-04-27T11:46:10","modified_gmt":"2026-04-27T11:46:10","slug":"velkommen","status":"publish","type":"page","link":"https:\/\/fynssymfoni.dk\/","title":{"rendered":"Velkommen"},"content":{"rendered":"\n<p>Velkommen til Fyns Amat\u00f8rsymfoniorkesters hjemmeside. Her kan du finde informationer om os, og som medlem kan du finde; \u00f8veplaner, pr\u00f8veplaner og medlemslister.<\/p>\n\n\n\n<p>I menuen oppe til h\u00f8jre vil du finde alle de informationer du overhovedet skulle kunne f\u00e5 brug for, h\u00f8re en indspilning eller to, samt finde billeder fra vores koncerter.<\/p>\n\n\n\n<p>Nedenfor vil du finde nyheder og det nuv\u00e6rende, opdaterede, program.<\/p>\n\n\n\n<p><\/p>\n\n\n\n<div id=\"wp-block-themeisle-blocks-advanced-columns-ec8b48ed\" class=\"wp-block-themeisle-blocks-advanced-columns has-3-columns has-desktop-equal-layout has-tablet-equal-layout has-mobile-collapsedRows-layout has-vertical-unset\"><div class=\"wp-block-themeisle-blocks-advanced-columns-overlay\"><\/div><div class=\"innerblocks-wrap\">\n<div id=\"wp-block-themeisle-blocks-advanced-column-bbb2e00c\" class=\"wp-block-themeisle-blocks-advanced-column\">\n<h2 class=\"wp-block-heading\">Seneste Nyt<\/h2>\n\n\n\n<p>Vi er ca. 35 amat\u00f8rmusikere, men vi vil gerne v\u00e6re flere.<\/p>\n\n\n\n<p>Specielt violiner er meget velkomne.<\/p>\n\n\n\n<p>Er du \u00f8vet og \u00f8nsker at spille symfonimusik, s\u00e5 tag kontakt til os (se under Om os -&gt; Vil du v\u00e6re med)<\/p>\n\n\n\n<p><strong>For\u00e5rskoncerter 2026:<\/strong><\/p>\n\n\n\n<p>Tirsdag d. 14. april p\u00e5 SIMAC i Svendborg<\/p>\n\n\n\n<p>Tirsdag d. 21. april i Sankt Hans Kirke.<\/p>\n\n\n\n<p><strong>Sommerorkester 2026<\/strong><\/p>\n\n\n\n<p>Starter mandag d. 27. april p\u00e5 Tornbjerg Gymnasium. <\/p>\n\n\n\n<p><br><a href=\"https:\/\/da-dk.facebook.com\/people\/Fyns-Amat%C3%B8rsymfoniorkester\/100063525853859\/\" target=\"_blank\" rel=\"noreferrer noopener\">F\u00f8lg os p\u00e5 Facebook HER<\/a><\/p>\n\n\n\n<p><\/p>\n\n\n\n<p><\/p>\n<\/div>\n\n\n\n<div id=\"wp-block-themeisle-blocks-advanced-column-7c979e5d\" class=\"wp-block-themeisle-blocks-advanced-column\">\n<h2 class=\"wp-block-heading\">Vores Pr\u00f8veprogram<\/h2>\n\n\n\n<p>Hvor ikke andet er angivet foreg\u00e5r orkesterpr\u00f8verne p\u00e5 Tornbjerg Gymnasium mandage med start kl. 19.15<\/p>\n\n\n\n<p>(\u00c6ndringer forbeholdes)<\/p>\n\n\n\n<p>Sommerorkestret har f\u00f8lgende pr\u00f8veforl\u00f8b:<\/p>\n\n\n\n<p>Mandag d. 27. april<\/p>\n\n\n\n<p>Mandag d. 4. maj<\/p>\n\n\n\n<p>Mandag d. 11. maj<\/p>\n\n\n\n<p>Mandag d. 18. maj<\/p>\n\n\n\n<p>Tirsdag d. 26. maj<\/p>\n\n\n\n<p>Mandag d. 1. juni<\/p>\n\n\n\n<p><strong>KONCERT<\/strong><\/p>\n\n\n\n<p>Tirsdag d. 2. juni kl. 19.30 i Vollsmose Kirke<\/p>\n\n\n\n<p><\/p>\n<\/div>\n\n\n\n<div id=\"wp-block-themeisle-blocks-advanced-column-5eb7f9bf\" class=\"wp-block-themeisle-blocks-advanced-column ticss-ec6214fd\">\n<h2 class=\"wp-block-heading\">Program for sommerorkestret<\/h2>\n\n\n\n<p>E. F.dall\u00b4Abaco-Bonelli: Concerto da Chiesa opus 2 nr. 4.<\/p>\n\n\n\n<p>F. Geminianis: Concerto Grosso &#8220;La Follia&#8221;.<\/p>\n\n\n\n<p>W. A: Mozart: 1. Salzburger Sinfonie KV. 136 in D<\/p>\n\n\n\n<p>F. Mendelssohn: Sehns\u00fcchtig opus 7 nr. 6. <\/p>\n\n\n\n<p><\/p>\n\n\n\n<p><\/p>\n\n\n\n<p><\/p>\n<\/div>\n<\/div><\/div>\n\n\n\n<p><\/p>\n\n\n\n<p><\/p>\n","protected":false},"excerpt":{"rendered":"<p>Velkommen til Fyns Amat\u00f8rsymfoniorkesters hjemmeside. Her kan du finde informationer om os, og som medlem kan du finde; \u00f8veplaner, pr\u00f8veplaner og medlemslister. I menuen oppe til h\u00f8jre vil du finde alle de informationer du overhovedet skulle kunne f\u00e5 brug for, h\u00f8re en indspilning eller to, samt finde billeder fra vores koncerter. Nedenfor vil du finde [&hellip;]<\/p>\n","protected":false},"author":1,"featured_media":0,"parent":0,"menu_order":0,"comment_status":"closed","ping_status":"closed","template":"","meta":{"inline_featured_image":false,"_themeisle_gutenberg_block_has_review":false,"footnotes":""},"class_list":["post-9","page","type-page","status-publish","czr-hentry"],"_links":{"self":[{"href":"https:\/\/fynssymfoni.dk\/index.php\/wp-json\/wp\/v2\/pages\/9","targetHints":{"allow":["GET"]}}],"collection":[{"href":"https:\/\/fynssymfoni.dk\/index.php\/wp-json\/wp\/v2\/pages"}],"about":[{"href":"https:\/\/fynssymfoni.dk\/index.php\/wp-json\/wp\/v2\/types\/page"}],"author":[{"embeddable":true,"href":"https:\/\/fynssymfoni.dk\/index.php\/wp-json\/wp\/v2\/users\/1"}],"replies":[{"embeddable":true,"href":"https:\/\/fynssymfoni.dk\/index.php\/wp-json\/wp\/v2\/comments?post=9"}],"version-history":[{"count":130,"href":"https:\/\/fynssymfoni.dk\/index.php\/wp-json\/wp\/v2\/pages\/9\/revisions"}],"predecessor-version":[{"id":566,"href":"https:\/\/fynssymfoni.dk\/index.php\/wp-json\/wp\/v2\/pages\/9\/revisions\/566"}],"wp:attachment":[{"href":"https:\/\/fynssymfoni.dk\/index.php\/wp-json\/wp\/v2\/media?parent=9"}],"curies":[{"name":"wp","href":"https:\/\/api.w.org\/{rel}","templated":true}]}}